{"id":19644,"date":"2020-02-10T12:21:41","date_gmt":"2020-02-10T10:21:41","guid":{"rendered":"http:\/\/sironimo.com\/?page_id=19644"},"modified":"2020-02-10T17:26:49","modified_gmt":"2020-02-10T15:26:49","slug":"fanfic-medoc-x-moguri-togayther","status":"publish","type":"page","link":"https:\/\/sironimo.com\/index.php\/fanfic-medoc-x-moguri-togayther\/","title":{"rendered":"Fanfic : Medoc x Moguri &#8211; To\u201dgay\u201dther"},"content":{"rendered":"<h3><strong><span style=\"color: #00ccff;\">Chapitre 1<\/span><\/strong><\/h3>\n<p><span style=\"font-weight: 400;\">Alors c&rsquo;est l&rsquo;histoire d&rsquo;un mec qui rentre dans un bar. Ou plut\u00f4t &#8230; Non, c&rsquo;est 2 mecs qui rentrent dans un bar. M\u00e9doc et Moguri.<\/span><\/p>\n<p><span style=\"font-weight: 400;\">Ils se connaissent depuis longtemps, ils travaillent ensemble, il y a une bonne alchimie entre eux. Pour l&rsquo;humour entre autres, mais pas que. Ils sont amis, potos, copains &#8230; Et peut-\u00eatre m\u00eame un peu plus.<\/span><\/p>\n<p><span style=\"font-weight: 400;\">Ils entrent donc dans un bar, ou plut\u00f4t un caf\u00e9 car il n&rsquo;est que 15h et qu\u2019ils se sont donn\u00e9 rendez-vous pour parler boulot. Les voil\u00e0 assis \u00e0 une table, en train de discuter de choses et d\u2019autres, parfois s\u00e9rieusement, parfois en rigolant.<br \/><\/span><span style=\"font-weight: 400;\">Puis, ils prennent quelques notes pour un nouveau projet, un sketch, et avancent bien. Comme \u00e0 chaque s\u00e9ance d&rsquo;\u00e9criture, ils bossent dans la bonne humeur et, une blague en entra\u00eenant une autre, une certaine \u00e9mulation cr\u00e9ative s&#8217;empare alors d\u2019eux jusqu&rsquo;\u00e0 leur faire oublier toute notion du temps.<br \/><\/span><span style=\"font-weight: 400;\">Ils terminent quelques heures plus tard, au cr\u00e9puscule, un peu fatigu\u00e9s mais surtout satisfaits et se s\u00e9parent devant la terrasse du caf\u00e9.<br \/><\/span><span style=\"font-weight: 400;\">\u201cAllez \u00e0 plus Moguri, on se voit apr\u00e8s-demain pour enregistrer le Cosy Corner toute fa\u00e7on.<br \/><\/span><span style=\"font-weight: 400;\">&#8211; Yep of course !\u201d<\/span><\/p>\n<p><span style=\"font-weight: 400;\">Moguri lance alors son skate sur le trottoir parisien avant de sauter dessus.<br \/><\/span><span style=\"font-weight: 400;\">Malheureusement il rate son coup et tr\u00e9buche, son skate lui faisant alors faux bond et roulant tout seul vers l\u2019arri\u00e8re&#8230;<br \/>Il tombe presque en avant mais se raccroche in extremis et comme il peut, l\u00e0 o\u00f9 il peut.<br \/><\/span><span style=\"font-weight: 400;\">Il rel\u00e8ve alors lentement les yeux, le c\u0153ur encore battant de sa (presque) chute, et se rend compte qu\u2019il est accroch\u00e9 au col de la veste de Medoc, son visage \u00e0 quelques centim\u00e8tres du sien. Leurs regards se croisent, et ils restent quelques secondes interloqu\u00e9s, sans bouger, se fixant l\u2019un l\u2019autre. Moguri se ressaisit alors, se redresse et se met \u00e0 rire nerveusement en se grattant la nuque.<\/span><\/p>\n<p><span style=\"font-weight: 400;\">\u201cD\u00e9sol\u00e9 ! Et heureusement que tu avais ta casquette, sinon &#8230; tout aurait pu arriver, h\u00e9h\u00e9.<br \/><\/span><span style=\"font-weight: 400;\">&#8211; Oh ?!! Heuuu&#8230; Ah ouais clairement ! Ha Ha !\u201d s\u2019exclama Medoc en riant un peu fort pour d\u00e9tendre l&rsquo;atmosph\u00e8re.\u00a0<\/span><\/p>\n<p><span style=\"font-weight: 400;\">Moguri se retourne alors pour aller r\u00e9cup\u00e9rer son skate qui a rebondi contre une poubelle un peu plus loin et qui s\u2019est arr\u00eat\u00e9 bien sagement sur un coin de porte. Il le rel\u00e8ve d\u2019un coup de pointe du pied assur\u00e9 et repart finalement en faisant un dernier petit signe \u00e0 son pote rest\u00e9 statique devant le caf\u00e9.<br \/>Ils se lancent tous deux un dernier sourire g\u00ean\u00e9 et chacun reprend son chemin.<\/span><\/p>\n<p><span style=\"font-weight: 400;\">Sur le chemin du retour, une fois dans le RER avec son casque sur les oreilles, Medoc repense \u00e0 ce qu\u2019il s\u2019est pass\u00e9 quelques minutes plus t\u00f4t.<br \/><\/span><span style=\"font-weight: 400;\">Il colle sa visi\u00e8re de casquette contre la vitre et devine son propre reflet, un peu flou. Dire qu\u2019il n\u2019y a pas si longtemps, c\u2019\u00e9tait Moguri, son ami, \u00e0 la m\u00eame distance. Et s\u2019il n\u2019y avait pas eu cette casquette justement ? Que se serait-il pass\u00e9 ? Leurs visages se seraient-ils touch\u00e9s ? Auraient-ils \u00e9t\u00e9 tellement proches que \u2026 ? Et leurs l\u00e8vres seraient alors entr\u00e9es en collision \u2026NON !\u00a0 Il secoue alors la t\u00eate et monte le son de sa musique.\u00a0<\/span><\/p>\n<p><span style=\"font-weight: 400;\"><em>Pourquoi je pense \u00e0 \u00e7a ?! \u00c7a va pas bien \u2026 \u00c7a tourne pas rond ou quoi !<\/em> Il essaye de chasser ces pens\u00e9es et de reprendre son calme.<br \/><\/span><span style=\"font-weight: 400;\">Arriv\u00e9 chez lui, il s&rsquo;assit quelques minutes sur sa terrasse afin de se relaxer en r\u00e9fl\u00e9chissant au sens de la vie.<\/span><\/p>\n<h2 style=\"text-align: center;\"><span style=\"font-weight: 400;\">\u00a0<\/span><span style=\"font-weight: 400;\">* * *<\/span><\/h2>\n<h3><strong><span style=\"color: #00ccff;\">Chapitre 2<\/span><\/strong><\/h3>\n<p><span style=\"font-weight: 400;\">Deux jours plus tard, comme pr\u00e9vu, les voil\u00e0 ensemble \u00e0 Lognes chez Medoc pour enregistrer leur podcast hebdo.<\/span><\/p>\n<p><span style=\"font-weight: 400;\">Petit check de bienvenue : \u201cSalut, \u00e7a va ?<br \/><\/span><span style=\"font-weight: 400;\">&#8211; Pas mal et toi ?<br \/><\/span><span style=\"font-weight: 400;\">&#8211; \u00c7a roule !\u201d<\/span><\/p>\n<p><span style=\"font-weight: 400;\">Moguri sort illico une bouteille de whisky \u00e0 demi entam\u00e9e de son sac.<br \/>\u201cDu Hibiki qu\u2019on m\u2019a offert\u2026 Il est super bon, et allie \u201ccomplexit\u00e9 et s\u00e9r\u00e9nit\u00e9\u201d comme on peut le voir sur l\u2019\u00e9tiquette ! On va tester \u00e7a&#8230;<br \/><\/span><span style=\"font-weight: 400;\">&#8211; 12 ans d\u2019\u00e2ge ? Classe !\u201d<\/span><\/p>\n<p><span style=\"font-weight: 400;\">Ils s\u2019installent et se mettent alors au boulot, face \u00e0 leur micro, chacun avec leur verre.<br \/><\/span><span style=\"font-weight: 400;\">Gr\u00e2ce \u00e0 leur tchatche habituelle, tout se d\u00e9roule \u00e0 merveille. Il faut dire qu\u2019ils se connaissent par c\u0153ur et que leurs d\u00e9lires s&rsquo;encha\u00eenent tout naturellement, d\u00e9clenchant souvent l&rsquo;hilarit\u00e9 chez eux, comme chez leurs auditeurs. Ils ont cette chance, d&rsquo;\u00eatre presque toujours sur la m\u00eame longueur d\u2019onde et d\u2019avoir cette bonne humeur communicative.<\/span><\/p>\n<p><span style=\"font-weight: 400;\">Quelques bons d\u00e9lires, de l\u2019actu et des anecdotes croustillantes et plusieurs verres plus tard, ils font une grosse pause car ils ne sont pas encore tout \u00e0 fait d\u2019accord sur la rubrique qu\u2019ils vont attaquer ensuite.<\/span><\/p>\n<p><span style=\"font-weight: 400;\">Gris\u00e9s par l\u2019alcool et leur encha\u00eenement de blagues stupides, leur pause dure plus longtemps que pr\u00e9vu et la soir\u00e9e est d\u00e9j\u00e0 bien entam\u00e9e. Il n\u2019y a plus de bon whisky, ni plus grand chose \u00e0 boire en fait, mais en fouillant un peu dans de vieilles bouteilles, Medoc finit par retrouver quelques restes d\u2019alcool qui tra\u00eenent.<\/span><\/p>\n<p><span style=\"font-weight: 400;\">Il sort alors de son frigo un fond de soda et sert Moguri en whisky-coca improvis\u00e9. Ce dernier go\u00fbte son verre \u2026<br \/><\/span><span style=\"font-weight: 400;\">\u201cMais attends, c\u2019est d\u00e9gueulasse ! D\u00e9j\u00e0 le whisky est pas ouf mais l\u00e0 il y a carr\u00e9ment plus de bulles \u2026 Go\u00fbte-moi \u00e7a !\u201d<\/span><\/p>\n<p><span style=\"font-weight: 400;\">Medoc s&#8217;empare du verre tendu et teste \u00e0 son tour le m\u00e9lange. Alors qu\u2019il s&rsquo;appr\u00eate \u00e0 lancer un tonitruant \u201cC\u2019est vrai que c\u2019est pas ouf\u2026\u201d il reprend finalement une gorg\u00e9e et entend alors Moguri lui dire avec un sourire en coin \u201cTu sais que \u00e7a compte comme un <em>\u201cindirect kiss\u201d<\/em> ce que tu es en train de faire &#8230;\u201d<\/span><\/p>\n<p><span style=\"font-weight: 400;\">Le c\u0153ur de Medoc rate un battement et il se retient de ne pas recracher sa gorg\u00e9e\u2026 C\u2019\u00e9tait moins une ! M\u00eame si le coca n\u2019a plus de bulle, \u00e7a lui chatouille quand m\u00eame bien le nez.<br \/><\/span><span style=\"font-weight: 400;\"><em>Wow wow wow ! Mais pourquoi est-ce que je r\u00e9agis comme \u00e7a ?! Ca va sembler encore plus louche, faut que je me ressaisisse, et vite !<\/em><\/span><\/p>\n<p><span style=\"font-weight: 400;\">\u201cT\u2019as raison !&#8230; C\u2019est carr\u00e9ment inf\u00e2me.\u201d Il sent le regard de Moguri toujours sur lui et d\u00e9cide de s\u2019esquiver vers la cuisine afin d\u2019\u00e9viter une situation un peu trop \u201cAwkward\u201d.<\/span><\/p>\n<p><span style=\"font-weight: 400;\">\u201cJe vais chercher un truc un peu plus d\u00e9cent \u00e0 boire &#8230;\u00e7a passera mieux.\u201d<\/span><\/p>\n<p><span style=\"font-weight: 400;\">Le voil\u00e0 en train de fouiller un peu partout dans la cuisine. Ce moment lui permet surtout de reprendre sa contenance habituelle.<br \/><\/span><span style=\"font-weight: 400;\">De l\u2019Umeshu, avec des gla\u00e7ons, voil\u00e0 qui sera quand m\u00eame bien meilleur.<br \/><\/span><span style=\"font-weight: 400;\">Lorsqu\u2019il revient avec son verre \u00e0 la main, son ami s\u2019est endormi dans le canap\u00e9.<\/span><\/p>\n<p><span style=\"font-weight: 400;\">\u201c Hey\u2026 Moguri\u2026 Tu dors mec ? Hey\u2026.Kevin !\u201d<br \/><\/span><span style=\"font-weight: 400;\">Aucune r\u00e9action.<br \/><\/span><span style=\"font-weight: 400;\">Medoc soupire, et pose alors son verre sur la table basse. Grand prince, il finit par couvrir la marmotte avec un plaid et le regarde dormir l\u2019espace d\u2019un instant. Il se rapproche, tout pr\u00e8s. Tellement pr\u00e8s qu\u2019il n\u2019est qu\u2019\u00e0 quelques centim\u00e8tres de son visage et que leurs l\u00e8vres manquent se toucher pour la seconde fois en 2 jours.<br \/><\/span><span style=\"font-weight: 400;\">Mais je d\u00e9conne plein pot !<br \/><\/span><span style=\"font-weight: 400;\">Medhi s\u2019\u00e9loigne tout \u00e0 coup &#8230; puis se laisse glisser contre le canap\u00e9 et se retrouve assis sur le sol. Il se prend alors la t\u00eate dans les mains, soupire \u00e0 nouveau, puis finit par boire le verre d\u2019Umeshu d\u2019une traite.<\/span><\/p>\n<p><em><span style=\"font-weight: 400;\">Faut que j&rsquo;arr\u00eate ces conneries tout de suite \u2026<\/span><\/em><\/p>\n<h2 style=\"text-align: center;\"><span style=\"font-weight: 400;\">\u00a0<\/span><span style=\"font-weight: 400;\">* * *<\/span><\/h2>\n<h3><strong><span style=\"color: #00ccff;\">Chapitre 2 ver.2<\/span><\/strong><\/h3>\n<p><span style=\"font-weight: 400;\">Moguri prend un malin plaisir \u00e0 titiller Medoc, notamment pour voir ses r\u00e9actions.<br \/><\/span><span style=\"font-weight: 400;\">Lorsque ce dernier boit dans le m\u00eame verre que lui, il ne peut s&#8217;emp\u00eacher de l\u00e2cher un : \u201cTu sais que \u00e7a compte comme un<em> \u201cindirect kiss\u201d<\/em> ce que tu es en train de faire&#8230;\u201d, tout en souriant.<\/span><\/p>\n<p><span style=\"font-weight: 400;\">Et \u00e7a ne rate pas, son ami semble si g\u00ean\u00e9 et qu\u2019il part dans la cuisine plusieurs minutes.<br \/><\/span><span style=\"font-weight: 400;\">Si ce n\u2019est pas un signe \u00e7a !<br \/><\/span><span style=\"font-weight: 400;\">K\u00e9vin rit int\u00e9rieurement, fier de lui, et s\u2019allonge sur le canap\u00e9, satisfait. Il sourit toujours, les yeux ferm\u00e9s, mais l\u2019alcool aidant il finit par sombrer, sans m\u00eame s\u2019en rendre compte, dans les bras de Morph\u00e9e.<br \/><\/span><span style=\"font-weight: 400;\">C\u2019est lorsqu\u2019il sent un plaid en train d&rsquo;\u00eatre pos\u00e9 sur son bras qu\u2019il se r\u00e9veille soudainement, mais ne fait qu\u2019entrouvrir les yeux sans bouger.\u00a0<\/span><\/p>\n<p><span style=\"font-weight: 400;\">Il distingue alors Medoc, tout proche, se rapprochant de plus en plus, jusqu\u2019\u00e0 s\u2019arr\u00eater \u00e0 quelques centim\u00e8tres de son visage. Il sent m\u00eame sa respiration sur sa peau.<br \/><\/span><span style=\"font-weight: 400;\"><em>Est-ce que je suis en train de r\u00eaver ?!<\/em><br \/><\/span><span style=\"font-weight: 400;\">Son c\u0153ur s&#8217;emballe mais il reste sto\u00efque, afin de ne pas \u00eatre d\u00e9couvert, et continue de faire semblant de dormir.<\/span><\/p>\n<p><span style=\"font-weight: 400;\">Mais Medhi s\u2019\u00e9loigne tout \u00e0 coup &#8230; puis se laisse glisser contre le canap\u00e9 et se retrouve assis sur le sol. Il soupire, puis finit par descendre d\u2019une traite le verre qu\u2019il venait surement de ramener.<br \/><\/span><span style=\"font-weight: 400;\">K\u00e9vin ne bouge pas mais ses pens\u00e9es, elles, s\u2019affolent. Il s\u2019\u00e9tait bien rendu compte que deux jours avant, lorsqu\u2019il \u00e9tait tomb\u00e9 de son skate, la situation entre eux \u00e9tait devenu\u2026 \u00e9trange.<br \/><\/span><span style=\"font-weight: 400;\">Et l\u00e0, tout semblait encore plus clair. Ou plus confus en fait !\u00a0<\/span><\/p>\n<p><span style=\"font-weight: 400;\">Etait-ce du d\u00e9sir qu\u2019il avait cru entrevoir dans le regard de son ami ? Avait-il faillit l\u2019embrasser \u00e0 son insu ? Impossible !&#8230;<br \/><\/span><span style=\"font-weight: 400;\">Et pourtant\u2026<br \/><\/span><span style=\"font-weight: 400;\">Finalement, Moguri finira par se rendormir, des questions plein la t\u00eate.<\/span><\/p>\n<h2 style=\"text-align: center;\"><span style=\"font-weight: 400;\">* * *<\/span><\/h2>\n<h3><strong><span style=\"color: #00ccff;\">Chapitre 3<\/span><\/strong><\/h3>\n<p><span style=\"font-weight: 400;\">Le lendemain matin, Moguri se r\u00e9veille avec la nuque bien raide (que la nuque hein ^^).\u00a0<\/span><\/p>\n<p><span style=\"font-weight: 400;\">Un canap\u00e9 c\u2019est \u201ccosy\u201d, mais ce n\u2019est pas ce qu\u2019il se fait de mieux en mati\u00e8re de confort pour y dormir. Heureusement qu\u2019il avait le fameux plaid pos\u00e9 si d\u00e9licatement par Medoc et qui lui a tenu chaud toute la nuit.<br \/><\/span><span style=\"font-weight: 400;\">Son esprit s\u2019\u00e9gare encore quelques minutes sur les \u00e9v\u00e9nements de la veille mais ses pens\u00e9es sont rapidement interrompues par Medoc qui semble r\u00e9veill\u00e9 depuis un petit moment. Ce dernier lui envoie une serviette en pleine face en lui proposant d\u2019aller se doucher. L\u2019occasion est trop belle et Moguri ne peut s&#8217;emp\u00eacher de l\u00e2cher un \u201cOn la prend ensemble ?\u201d<\/span><\/p>\n<p><span style=\"font-weight: 400;\">Medoc esquisse un rapide sourire et lui fait un \u201cnon\u201d de la t\u00eate affichant un visage qui semble dire que c\u2019est la pire connerie qu\u2019il ait jamais entendu.<br \/><\/span><span style=\"font-weight: 400;\">Et pourtant, il en a entendu un bon paquet au cours de sa vie.<\/span><\/p>\n<p><span style=\"font-weight: 400;\">Moguri part donc vers la salle de bain. Il a l\u00e9g\u00e8rement mal au cr\u00e2ne mais une bonne douche devrait finir de le r\u00e9veiller en douceur. Il se d\u00e9shabille, fait couler l\u2019eau quelques instants, puis commence \u00e0 se frictionner avec le gel douche.\u00a0<\/span><\/p>\n<p><span style=\"font-weight: 400;\">L\u2019eau est chaude, tr\u00e8s chaude et de la bu\u00e9e finit rapidement par envahir la pi\u00e8ce. Il se lave les cheveux, les yeux ferm\u00e9s, et sent tout \u00e0 coup une main pos\u00e9e sur son dos. Medoc l\u2019a finalement rejoint\u2026 Et il sent maintenant sa main descendre le long de son \u00e9chine.<br \/><\/span><span style=\"font-weight: 400;\">Malgr\u00e9 l\u2019eau chaude, Moguri fr\u00e9mit.<br \/><\/span><span style=\"font-weight: 400;\">Lentement, Medhi remonte et commence \u00e0 lui caresser la poitrine faisant mousser le savon et rendant son geste encore plus sensuel et doux. Ses mains glissent harmonieusement sur la peau nue de Kevin.<br \/><\/span><span style=\"font-weight: 400;\">Ce dernier ne peut s&#8217;emp\u00eacher de l\u00e2cher un g\u00e9missement en penchant la t\u00eate en arri\u00e8re. <\/span><\/p>\n<p><span style=\"font-weight: 400;\">Il rouvre alors les yeux subitement, et se rend compte que \u00e7a fait un bon moment qu\u2019il est l\u00e0, tout seul sous la douche\u2026 Son imagination \u00e9tant partie compl\u00e8tement en roue libre !<br \/><\/span><span style=\"font-weight: 400;\">Il regarde son torse et se rend alors compte qu\u2019il est en train de se caresser la poitrine, tout en imaginant que c\u2019est la main de Medoc.<\/span><\/p>\n<p><em><span style=\"font-weight: 400;\">Wowowowowow mais qu\u2019est ce qu\u2019il m\u2019arrive ?! Faut que je me calme\u2026<\/span><\/em><\/p>\n<p><span style=\"font-weight: 400;\">Son excitation est malgr\u00e9 tout palpable et il met un petit moment \u00e0 reprendre ses esprits. Il a m\u00eame besoin d\u2019un temps de plus pour que sa respiration redevienne calme et r\u00e9guli\u00e8re. Il finit par se s\u00e9cher et par sortir de la salle-de-bain, en serviette.<\/span><\/p>\n<p><span style=\"font-weight: 400;\">Cette douche aura finalement \u00e9t\u00e9 plus longue que pr\u00e9vue&#8230;Et un peu plus mouvement\u00e9e.<\/span><\/p>\n<h2 style=\"text-align: center;\"><span style=\"font-weight: 400;\">* * *<\/span><\/h2>\n<h3><strong><span style=\"color: #00ccff;\"><span style=\"color: #ff0000;\">NEW <\/span><\/span><\/strong><span style=\"color: #00ccff;\"><span style=\"color: #ff0000;\">(10.02.2020)<\/span><\/span> <strong><span style=\"color: #00ccff;\"><span style=\"color: #ff0000;\">:\u00a0<\/span> Chapitre 4<\/span><\/strong><\/h3>\n<p><span style=\"font-weight: 400;\">Le reste de la matin\u00e9e se passe un peu plus calmement, les 2 hommes mangent un simili de petit d\u00e9jeuner dans un silence quelque peu inhabituel tout en se jetant des petits regards en coin qui, eux, en disent long. <\/span><span style=\"font-weight: 400;\"><br \/><\/span><span style=\"font-weight: 400;\">Ils finissent par enregistrer la derni\u00e8re rubrique de leur podcast, un peu \u00e0 la va-vite, afin de boucler l&rsquo;\u00e9mission et Kevin rentre finalement chez-lui.<\/span><\/p>\n<p style=\"text-align: center;\"><span style=\"font-weight: 400;\">* * *<\/span><\/p>\n<p><span style=\"font-weight: 400;\">Une semaine s&rsquo;\u00e9coule. Chacun de son c\u00f4t\u00e9 repense \u00e0 tous ces petits moments \u00e9tranges et \u00e0 ce qui a commenc\u00e9 \u00e0 changer entre eux\u2026<\/span><\/p>\n<p><span style=\"font-weight: 400;\">Kevin revient \u00e0 Lognes pour un nouvel enregistrement. Ce jour l\u00e0 il pleut \u00e0 verse et il se fait surprendre en sortant du train. Il arrive donc tremp\u00e9 chez Medoc qui le regarde sur le pas de la porte en riant sous cape. <\/span><span style=\"font-weight: 400;\"><br \/><\/span><span style=\"font-weight: 400;\">Une fois rentr\u00e9, Medhi, grand prince (comme toujours) lui file un de ses hoodies bordeaux pour qu\u2019il puisse porter quelque chose de sec. Moguri tente d&rsquo;enlever son manteau, et se retrouve un peu emp\u00eatr\u00e9 entre le fil de son casque et la bandouli\u00e8re de son sac et gal\u00e8re un peu, et, sans trop savoir pourquoi ni comment, Medoc commence \u00e0 l\u2019aider \u00e0 tout d\u00e9m\u00ealer et \u00e0 enfiler le v\u00eatement chaud.<\/span><span style=\"font-weight: 400;\"><br \/><\/span><span style=\"font-weight: 400;\">Kevin nage dans un sweat \u00e0 capuche un peu trop grand pour lui, les cheveux humides et tombants devant ses yeux et Medoc ne peut s&#8217;emp\u00eacher de le trouver extr\u00eamement mignon.<br \/>C\u2019en est trop\u2026 Un d\u00e9sir irr\u00e9sistible le pousse vers la bouche entrouverte de son acolyte et, le tenant encore par les \u00e9paules, il se penche alors vers lui. Leurs l\u00e8vres se touchent, <\/span><span style=\"font-weight: 400;\">tout d\u00e9licatement, sans m\u00eame qu&rsquo;ils aient le temps de bien s&rsquo;en rendre compte, pour un baiser presque vol\u00e9.<br \/>Moguri cligne alors des yeux, semblant r\u00e9aliser ce qu&rsquo;il se passe, et a un l\u00e9ger mouvement de recul. Une fois un peu \u00e9loign\u00e9, ce dernier remet ses lunettes bien en place en appuyant fortement dessus l\u2019aide de son index, pile entre ses deux yeux, ce qui lui permet \u00e9galement de reprendre une certaine contenance. Medoc ne le voit pas tout de suite mais Moguri a vir\u00e9 au rouge pivoine.<\/span><\/p>\n<p><span style=\"font-weight: 400;\">Apr\u00e8s un moment de g\u00e8ne, qui leur sembla durer une \u00e9ternit\u00e9, ils finissent par s&rsquo;installer pour l&rsquo;enregistrement, comme si rien ne s&rsquo;\u00e9tait pass\u00e9.<\/span><\/p>\n<p><span style=\"font-weight: 400;\">Cette fois-ci ils vont go\u00fbter une bonne bouteille envoy\u00e9e par un des membre de \u201cla meilleure commu\u201d, une bouteille de Chartreuse qui vient d\u2019Is\u00e8re. Ils sont curieux et il faut tester un peu de tout et un bon petit alcool bien fort leur permettra \u00e0 tous deux de se remettre de leurs \u00e9motions.<br \/><\/span><span style=\"font-weight: 400;\">Medoc toussote un peu \u00e0 la premi\u00e8re gorg\u00e9e : \u201c C\u2019est tr\u00e8s fort quand m\u00eame, on sent que c\u2019est fait par des moines !<br \/><\/span><span style=\"font-weight: 400;\">&#8211; C\u2019est fort en plantes des montagnes surtout.<br \/><\/span><span style=\"font-weight: 400;\">&#8211; Bien entendu ! Les fameuses&#8230; herbac\u00e9es.<br \/><\/span><span style=\"font-weight: 400;\">&#8211; Plantes m\u00e9dicinales.<br \/><\/span><span style=\"font-weight: 400;\">&#8211; Oui, elles aussi h\u00e9h\u00e9.<br \/><\/span><span style=\"font-weight: 400;\">&#8211; Des orties quoi\u2026<br \/><\/span><span style=\"font-weight: 400;\">&#8211; Ha ha ha !\u201d<\/span><\/p>\n<p><span style=\"font-weight: 400;\">Et les voil\u00e0 lanc\u00e9s dans leurs conversations habituelles.<\/span><\/p>\n<p><em><span style=\"color: #808080;\">(\u00e0 suivre&#8230;)<\/span><\/em><\/p>\n\n\n<p><\/p>\n","protected":false},"excerpt":{"rendered":"<p>Chapitre 1 Alors c&rsquo;est l&rsquo;histoire d&rsquo;un mec qui rentre dans un bar. Ou plut\u00f4t &#8230; Non, c&rsquo;est 2 mecs qui rentrent dans un bar. M\u00e9doc et Moguri. Ils se connaissent depuis longtemps, ils travaillent ensemble, il y a une bonne &hellip; <a href=\"https:\/\/sironimo.com\/index.php\/fanfic-medoc-x-moguri-togayther\/\">Continuer la lecture <span class=\"meta-nav\">&rarr;<\/span><\/a><\/p>\n","protected":false},"author":1,"featured_media":0,"parent":0,"menu_order":0,"comment_status":"open","ping_status":"closed","template":"","meta":{"_exactmetrics_skip_tracking":false,"_exactmetrics_sitenote_active":false,"_exactmetrics_sitenote_note":"","_exactmetrics_sitenote_category":0,"footnotes":""},"_links":{"self":[{"href":"https:\/\/sironimo.com\/index.php\/wp-json\/wp\/v2\/pages\/19644"}],"collection":[{"href":"https:\/\/sironimo.com\/index.php\/wp-json\/wp\/v2\/pages"}],"about":[{"href":"https:\/\/sironimo.com\/index.php\/wp-json\/wp\/v2\/types\/page"}],"author":[{"embeddable":true,"href":"https:\/\/sironimo.com\/index.php\/wp-json\/wp\/v2\/users\/1"}],"replies":[{"embeddable":true,"href":"https:\/\/sironimo.com\/index.php\/wp-json\/wp\/v2\/comments?post=19644"}],"version-history":[{"count":16,"href":"https:\/\/sironimo.com\/index.php\/wp-json\/wp\/v2\/pages\/19644\/revisions"}],"predecessor-version":[{"id":19661,"href":"https:\/\/sironimo.com\/index.php\/wp-json\/wp\/v2\/pages\/19644\/revisions\/19661"}],"wp:attachment":[{"href":"https:\/\/sironimo.com\/index.php\/wp-json\/wp\/v2\/media?parent=19644"}],"curies":[{"name":"wp","href":"https:\/\/api.w.org\/{rel}","templated":true}]}}